{"id":2102,"date":"2025-09-21T20:20:55","date_gmt":"2025-09-21T17:20:55","guid":{"rendered":"https:\/\/hukkacraft.fi\/product\/lisavaruste-kuminahauha-reppuun-4m\/"},"modified":"2025-09-21T21:19:23","modified_gmt":"2025-09-21T18:19:23","slug":"lisavaruste-kuminahauha-reppuun-4m","status":"publish","type":"product","link":"https:\/\/hukkacraft.fi\/en\/product\/lisavaruste-kuminahauha-reppuun-4m\/","title":{"rendered":"Accessory elastic strap for backpack, 4 m"},"content":{"rendered":"<p>Optional elastic strap for attaching items to the backpack. Includes four metres (4 m) of high quality Invista Cordura Truelock elastic with a grip-enhancing shape and four pieces (4 pcs) of 2M milspec quality cord locks. Also included are two pieces of &#8220;cord clips&#8221; for you to use if you wish. Designed especially for <a href=\"https:\/\/www.fjallraven.com\/fi\/fi-fi\/laukut-ja-varusteet\/reput-rinkat-ja-laukut\/matkailulaukut\/farden-carry-on-pack\/\" rel=\"nofollow noopener\" target=\"_blank\">the Fj\u00e4llr\u00e4ven F\u00e4rden backpack<\/a>, but also suitable for others.   <\/p>\n<p>Four metres of elastic is sufficient for a so-called cross-over elastic system. If you wish, you can shorten the elastic or cut it into smaller pieces. The F\u00e4rden bag in the F\u00e4rden pictures has the whole four metres braided and is even too tight, so even less is enough. After cutting, burn the end of the tape with a lighter, for example. Both the rubber band and the plastic parts are NIR shielded, i.e. they are not highlighted in night vision devices, also suitable for tactical use.      <\/p>\n<p><strong>Features:<\/strong><\/p>\n<ul>\n<li>Handmade in Nokia, Finland (EU product)<\/li>\n<li>Rubber strap: high quality<a href=\"https:\/\/cordura.com\/truelock-fabric\" rel=\"nofollow noopener\" target=\"_blank\"> Invista Cordura TrueLock coated<\/a> milspec rubber strap (50% elastodiene fibre, 50% nylon)<\/li>\n<li>Plastic parts: milspec quality parts from Italian 2M (Due Emme).<\/li>\n<li>NIR-shielded &#8211; natural infrared reflection prevents separation in dark-light devices.<\/li>\n<li>Thickness: 3,2 mm<\/li>\n<li>Colour: Green (ranger green, RAL7013)<\/li>\n<li>Compatible with e.g. <a href=\"https:\/\/www.fjallraven.com\/fi\/fi-fi\/laukut-ja-varusteet\/reput-rinkat-ja-laukut\/matkailulaukut\/farden-carry-on-pack\/\" rel=\"nofollow noopener\" target=\"_blank\">Fj\u00e4llr\u00e4ven F\u00e4rden backpack<\/a>, but as a universal product also suitable for other backpacks.<\/li>\n<\/ul>\n<p><strong>Uses:<\/strong><\/p>\n<ul>\n<li>Attachment of goods to the rucksack. For example, a jacket or towel can be easily attached to your rucksack and quickly stowed without opening the rucksack. <\/li>\n<\/ul>\n<p>&nbsp;<\/p>\n<p><img loading=\"lazy\" decoding=\"async\" class=\"size-medium wp-image-1784 alignleft\" src=\"https:\/\/hukkacraft.fi\/wp-content\/uploads\/2025\/04\/madeinfin-300x98.webp\" alt=\"Made In Finland flag\" width=\"300\" height=\"98\" srcset=\"https:\/\/hukkacraft.fi\/wp-content\/uploads\/2025\/04\/madeinfin-300x98.webp 300w, https:\/\/hukkacraft.fi\/wp-content\/uploads\/2025\/04\/madeinfin.webp 366w\" sizes=\"auto, (max-width: 300px) 100vw, 300px\" \/><img loading=\"lazy\" decoding=\"async\" class=\" wp-image-2100 alignleft\" src=\"https:\/\/hukkacraft.fi\/wp-content\/uploads\/2025\/09\/CORDURA-Fabric-on-square-01-01-e1673879185256-2048x1153-1-300x169.webp\" alt=\"Cordura logo\" width=\"175\" height=\"99\" srcset=\"https:\/\/hukkacraft.fi\/wp-content\/uploads\/2025\/09\/CORDURA-Fabric-on-square-01-01-e1673879185256-2048x1153-1-300x169.webp 300w, https:\/\/hukkacraft.fi\/wp-content\/uploads\/2025\/09\/CORDURA-Fabric-on-square-01-01-e1673879185256-2048x1153-1-1024x577.webp 1024w, https:\/\/hukkacraft.fi\/wp-content\/uploads\/2025\/09\/CORDURA-Fabric-on-square-01-01-e1673879185256-2048x1153-1-768x432.webp 768w, https:\/\/hukkacraft.fi\/wp-content\/uploads\/2025\/09\/CORDURA-Fabric-on-square-01-01-e1673879185256-2048x1153-1-1536x865.webp 1536w, https:\/\/hukkacraft.fi\/wp-content\/uploads\/2025\/09\/CORDURA-Fabric-on-square-01-01-e1673879185256-2048x1153-1-600x338.webp 600w, https:\/\/hukkacraft.fi\/wp-content\/uploads\/2025\/09\/CORDURA-Fabric-on-square-01-01-e1673879185256-2048x1153-1.webp 2048w\" sizes=\"auto, (max-width: 175px) 100vw, 175px\" \/><\/p>\n","protected":false},"excerpt":{"rendered":"<p>Optional elastic strap for attaching items to the backpack. Includes four metres of high quality elastic and cord locks. <\/p>\n","protected":false},"featured_media":2103,"comment_status":"closed","ping_status":"closed","template":"","meta":{"_kad_blocks_custom_css":"","_kad_blocks_head_custom_js":"","_kad_blocks_body_custom_js":"","_kad_blocks_footer_custom_js":"","_kadence_starter_templates_imported_post":false,"_kad_post_transparent":"","_kad_post_title":"","_kad_post_layout":"","_kad_post_sidebar_id":"","_kad_post_content_style":"","_kad_post_vertical_padding":"","_kad_post_feature":"","_kad_post_feature_position":"","_kad_post_header":false,"_kad_post_footer":false,"_kad_post_classname":""},"product_brand":[],"product_cat":[114,116],"product_tag":[241,240,239,242,238,175],"class_list":{"0":"post-2102","1":"product","2":"type-product","3":"status-publish","4":"has-post-thumbnail","6":"product_cat-outdoor-gear","7":"product_cat-pack-straps","8":"product_tag-accessory","9":"product_tag-bungee-connector","10":"product_tag-bungee-cord","11":"product_tag-cordura","12":"product_tag-elastic-band","13":"product_tag-milspec-en","14":"product_shipping_class-normal-package","15":"pa_remmin-vari-green","17":"first","18":"instock","19":"taxable","20":"shipping-taxable","21":"purchasable","22":"product-type-variable","23":"has-default-attributes","24":"entry","25":"content-bg","26":"loop-entry"},"taxonomy_info":{"product_cat":[{"value":114,"label":"Outdoor equipment"},{"value":116,"label":"Belts and straps"}],"product_tag":[{"value":241,"label":"accessory"},{"value":240,"label":"bungee connector"},{"value":239,"label":"bungee cord"},{"value":242,"label":"cordura"},{"value":238,"label":"elastic band"},{"value":175,"label":"milspec"}],"pa_remmin-vari":[{"value":176,"label":"Green"}]},"featured_image_src_large":["https:\/\/hukkacraft.fi\/wp-content\/uploads\/2025\/09\/lisavaruste-kuminauha-reppuun-001.webp",960,960,false],"author_info":[],"comment_info":0,"_links":{"self":[{"href":"https:\/\/hukkacraft.fi\/en\/wp-json\/wp\/v2\/product\/2102","targetHints":{"allow":["GET"]}}],"collection":[{"href":"https:\/\/hukkacraft.fi\/en\/wp-json\/wp\/v2\/product"}],"about":[{"href":"https:\/\/hukkacraft.fi\/en\/wp-json\/wp\/v2\/types\/product"}],"replies":[{"embeddable":true,"href":"https:\/\/hukkacraft.fi\/en\/wp-json\/wp\/v2\/comments?post=2102"}],"wp:featuredmedia":[{"embeddable":true,"href":"https:\/\/hukkacraft.fi\/en\/wp-json\/wp\/v2\/media\/2103"}],"wp:attachment":[{"href":"https:\/\/hukkacraft.fi\/en\/wp-json\/wp\/v2\/media?parent=2102"}],"wp:term":[{"taxonomy":"product_brand","embeddable":true,"href":"https:\/\/hukkacraft.fi\/en\/wp-json\/wp\/v2\/product_brand?post=2102"},{"taxonomy":"product_cat","embeddable":true,"href":"https:\/\/hukkacraft.fi\/en\/wp-json\/wp\/v2\/product_cat?post=2102"},{"taxonomy":"product_tag","embeddable":true,"href":"https:\/\/hukkacraft.fi\/en\/wp-json\/wp\/v2\/product_tag?post=2102"}],"curies":[{"name":"wp","href":"https:\/\/api.w.org\/{rel}","templated":true}]}}