{"id":1601,"date":"2024-02-05T20:13:21","date_gmt":"2024-02-05T20:13:21","guid":{"rendered":"https:\/\/hukkacraft.fi\/story-from"},"modified":"2025-04-12T12:23:28","modified_gmt":"2025-04-12T12:23:28","slug":"story-from","status":"publish","type":"page","link":"https:\/\/hukkacraft.fi\/en\/story-from\/","title":{"rendered":"Story from"},"content":{"rendered":"\n<h3 class=\"wp-block-heading\">Story from<\/h3>\n\n<p>I am Janne H\u00e4m\u00e4l\u00e4inen, a second generation craftsman and creative professional. I started making things by hand at an early age. I knew how to use a scissors and a sewing machine even before I went to school, thanks to my mother, who was a textile handicraft teacher. When I was less than ten years old, I got my first knife, which I used to learn how carv e.g. willow pipes. The Corona period restored my interest in handicrafts and I became enthusiastic again about leatherwork and knife making.  <\/p>\n\n<p>I have been an entrepreneur alongside my work for twenty years. NORDICVIEW.COM, originally started as a photography company, was launched in early 2005. Hukka Arts &amp; Crafts will again become a subsidiary name in 2020.<\/p>\n\n<h3 class=\"wp-block-heading\">Products<\/h3>\n\n<p>My products mainly consist of various key rings, but also outdoor and camping accessories. These include different types of fastening straps, which I make from both leather and textile straps. I plan to produce other accessories for backpacks\/backpacks. My products are designed for reliability and ease of use, whether you&#8217;re travelling, camping, staying in a hotel or a tent. Quality is at the heart of everything I do and the price is reasonable.<\/p>\n\n<h3 class=\"wp-block-heading\">Materials from<\/h3>\n\n<p>I make my products from the highest quality materials possible. The leather comes mainly from Italy, home to the world&#8217;s best leather companies. I use domestic leather when necessary and possible. All materials are sourced either in Finland or from companies in the EU. I also try to ensure that as many of the materials as possible are also produced in the EU.<\/p>\n\n<h3 class=\"wp-block-heading\">Contact<\/h3>\n\n<p><strong>Address:<\/strong><br\/>Hukka Arts &amp; Crafts<br\/>Vaarnatie 19<br\/>37130 Nokia<br\/><strong>Phone:<\/strong><br\/>+358 45 7837 3222 (Janne)<br\/> Business ID:<br\/>1943345-5 (NORDICVIEW.COM \/ Hukka Arts And Crafts)<\/p>\n","protected":false},"excerpt":{"rendered":"<p>Story from I am Janne H\u00e4m\u00e4l\u00e4inen, a second generation craftsman and creative professional. I started making things by hand at an early age. I knew how to use a scissors and a sewing machine even before I went to school, thanks to my mother, who was a textile handicraft teacher. When I was less than&#8230;<\/p>\n","protected":false},"author":2,"featured_media":0,"parent":0,"menu_order":0,"comment_status":"closed","ping_status":"closed","template":"","meta":{"_kad_blocks_custom_css":"","_kad_blocks_head_custom_js":"","_kad_blocks_body_custom_js":"","_kad_blocks_footer_custom_js":"","_kadence_starter_templates_imported_post":false,"_kad_post_transparent":"","_kad_post_title":"","_kad_post_layout":"","_kad_post_sidebar_id":"","_kad_post_content_style":"","_kad_post_vertical_padding":"","_kad_post_feature":"","_kad_post_feature_position":"","_kad_post_header":false,"_kad_post_footer":false,"_kad_post_classname":"","footnotes":""},"class_list":["post-1601","page","type-page","status-publish","hentry"],"taxonomy_info":[],"featured_image_src_large":false,"author_info":{"display_name":"Hukka Craft","author_link":"https:\/\/hukkacraft.fi\/en\/author\/koxhcs6pvofm5zy97jlb\/"},"comment_info":0,"_links":{"self":[{"href":"https:\/\/hukkacraft.fi\/en\/wp-json\/wp\/v2\/pages\/1601","targetHints":{"allow":["GET"]}}],"collection":[{"href":"https:\/\/hukkacraft.fi\/en\/wp-json\/wp\/v2\/pages"}],"about":[{"href":"https:\/\/hukkacraft.fi\/en\/wp-json\/wp\/v2\/types\/page"}],"author":[{"embeddable":true,"href":"https:\/\/hukkacraft.fi\/en\/wp-json\/wp\/v2\/users\/2"}],"replies":[{"embeddable":true,"href":"https:\/\/hukkacraft.fi\/en\/wp-json\/wp\/v2\/comments?post=1601"}],"version-history":[{"count":0,"href":"https:\/\/hukkacraft.fi\/en\/wp-json\/wp\/v2\/pages\/1601\/revisions"}],"wp:attachment":[{"href":"https:\/\/hukkacraft.fi\/en\/wp-json\/wp\/v2\/media?parent=1601"}],"curies":[{"name":"wp","href":"https:\/\/api.w.org\/{rel}","templated":true}]}}